{"id":408,"date":"2020-06-22T23:41:36","date_gmt":"2020-06-22T21:41:36","guid":{"rendered":"https:\/\/nathaliesavale.com\/?page_id=408"},"modified":"2025-08-01T19:00:41","modified_gmt":"2025-08-01T17:00:41","slug":"bio","status":"publish","type":"page","link":"https:\/\/nathaliesavale.com\/?page_id=408","title":{"rendered":"Bio"},"content":{"rendered":"<div class=\"wpb-content-wrapper\"><p>[vc_row][vc_column]<div class=\"split-screen split-screen-5f0b03cbbed51 pagination-off\"><div class=\"item\"><div class=\"image\"><div class=\"img-item\" style=\"background-image: url(https:\/\/nathaliesavale.com\/wp-content\/uploads\/2025\/08\/portraitnatsite.jpg);\"><\/div><\/div><div class=\"content\"><div class=\"cell\">[vc_column_text]N\u00e9e \u00e0 Paris en 1977, Je suis dipl\u00f4m\u00e9e de la FEMIS en section image.<\/p>\n<p>J\u2019ai travaill\u00e9 pendant onze ans comme assistante op\u00e9ratrice sur des longs m\u00e9trages. C\u2019est l\u00e0 que j\u2019ai pu perfectionner mon sens du cadre et la ma\u00eetrise de la lumi\u00e8re.<\/p>\n<p>Depuis, je suis pass\u00e9e de l\u2019image en mouvement \u00e0 l\u2019image fixe en revenant \u00e0 ma premi\u00e8re passion, la photographie. C\u2019est avant tout mon attrait pour les rencontres humaines qui me pousse \u00e0 aller vers le reportage d&#8217;\u00e9v\u00e9nements corportates et le portrait.[\/vc_column_text]<\/div><\/div><\/div><\/div>[\/vc_column][\/vc_row]<\/p>\n<\/div>","protected":false},"excerpt":{"rendered":"<p>[vc_row][vc_column][\/vc_column][\/vc_row]<\/p>\n","protected":false},"author":1,"featured_media":0,"parent":0,"menu_order":1,"comment_status":"closed","ping_status":"closed","template":"template-landing.php","meta":{"_acf_changed":false,"footnotes":""},"class_list":["post-408","page","type-page","status-publish","hentry"],"acf":[],"aioseo_notices":[],"_links":{"self":[{"href":"https:\/\/nathaliesavale.com\/index.php?rest_route=\/wp\/v2\/pages\/408","targetHints":{"allow":["GET"]}}],"collection":[{"href":"https:\/\/nathaliesavale.com\/index.php?rest_route=\/wp\/v2\/pages"}],"about":[{"href":"https:\/\/nathaliesavale.com\/index.php?rest_route=\/wp\/v2\/types\/page"}],"author":[{"embeddable":true,"href":"https:\/\/nathaliesavale.com\/index.php?rest_route=\/wp\/v2\/users\/1"}],"replies":[{"embeddable":true,"href":"https:\/\/nathaliesavale.com\/index.php?rest_route=%2Fwp%2Fv2%2Fcomments&post=408"}],"version-history":[{"count":12,"href":"https:\/\/nathaliesavale.com\/index.php?rest_route=\/wp\/v2\/pages\/408\/revisions"}],"predecessor-version":[{"id":2089,"href":"https:\/\/nathaliesavale.com\/index.php?rest_route=\/wp\/v2\/pages\/408\/revisions\/2089"}],"wp:attachment":[{"href":"https:\/\/nathaliesavale.com\/index.php?rest_route=%2Fwp%2Fv2%2Fmedia&parent=408"}],"curies":[{"name":"wp","href":"https:\/\/api.w.org\/{rel}","templated":true}]}}